{"id":2,"date":"2015-04-18T10:28:22","date_gmt":"2015-04-18T08:28:22","guid":{"rendered":"http:\/\/serwer1554954.home.pl\/?page_id=2"},"modified":"2017-07-26T23:23:34","modified_gmt":"2017-07-26T21:23:34","slug":"przykladowa-strona","status":"publish","type":"page","link":"http:\/\/www.warsztatkultury.com\/?page_id=2","title":{"rendered":"Warsztat Kultury"},"content":{"rendered":"<p>Witaj na stronie Warsztatu Kultury. Nasza firma zajmuje si\u0119 szeroko rozumian\u0105 komunikacj\u0105 produkt\u00f3w kultury\u00a0oraz medi\u00f3w. Dzia\u0142amy na polu promocji, marketingu, Public Relations. Tworzymy identyfikacje graficzne, projektujemy strony i logotypy. Wymy\u015blamy marki i je wprowadzamy na rynek.<\/p>\n<p>&nbsp;<\/p>\n<p>&nbsp;<\/p>\n<p>&nbsp;<\/p>\n<p>&nbsp;<\/p>\n","protected":false},"excerpt":{"rendered":"<p>Witaj na stronie Warsztatu Kultury. Nasza firma zajmuje si\u0119 szeroko rozumian\u0105 komunikacj\u0105 produkt\u00f3w kultury\u00a0oraz medi\u00f3w. Dzia\u0142amy na polu promocji, marketingu, Public Relations. Tworzymy identyfikacje graficzne, projektujemy strony i logotypy. Wymy\u015blamy marki i je wprowadzamy na rynek. &nbsp; &nbsp; &nbsp; &nbsp;<\/p>\n","protected":false},"author":1,"featured_media":0,"parent":0,"menu_order":0,"comment_status":"closed","ping_status":"closed","template":"","meta":[],"_links":{"self":[{"href":"http:\/\/www.warsztatkultury.com\/index.php?rest_route=\/wp\/v2\/pages\/2"}],"collection":[{"href":"http:\/\/www.warsztatkultury.com\/index.php?rest_route=\/wp\/v2\/pages"}],"about":[{"href":"http:\/\/www.warsztatkultury.com\/index.php?rest_route=\/wp\/v2\/types\/page"}],"author":[{"embeddable":true,"href":"http:\/\/www.warsztatkultury.com\/index.php?rest_route=\/wp\/v2\/users\/1"}],"replies":[{"embeddable":true,"href":"http:\/\/www.warsztatkultury.com\/index.php?rest_route=%2Fwp%2Fv2%2Fcomments&post=2"}],"version-history":[{"count":4,"href":"http:\/\/www.warsztatkultury.com\/index.php?rest_route=\/wp\/v2\/pages\/2\/revisions"}],"predecessor-version":[{"id":36,"href":"http:\/\/www.warsztatkultury.com\/index.php?rest_route=\/wp\/v2\/pages\/2\/revisions\/36"}],"wp:attachment":[{"href":"http:\/\/www.warsztatkultury.com\/index.php?rest_route=%2Fwp%2Fv2%2Fmedia&parent=2"}],"curies":[{"name":"wp","href":"https:\/\/api.w.org\/{rel}","templated":true}]}}